{"id":140,"date":"2021-05-04T18:40:54","date_gmt":"2021-05-04T16:40:54","guid":{"rendered":"https:\/\/kaiserstuhl-oase.de\/?page_id=140"},"modified":"2023-08-21T09:01:39","modified_gmt":"2023-08-21T07:01:39","slug":"unser-kraeuter-angebot","status":"publish","type":"page","link":"https:\/\/kaiserstuhl-oase.de\/?page_id=140","title":{"rendered":"Unsere Kr\u00e4uter, Gew\u00fcrze und Tees"},"content":{"rendered":"\n<figure class=\"wp-block-image size-large\"><img loading=\"lazy\" decoding=\"async\" width=\"1024\" height=\"284\" src=\"https:\/\/kaiserstuhl-oase.de\/wp-content\/uploads\/2020\/06\/logo_kaiserstuhl_oase_1-1024x284.jpg\" alt=\"\" class=\"wp-image-22\" srcset=\"https:\/\/kaiserstuhl-oase.de\/wp-content\/uploads\/2020\/06\/logo_kaiserstuhl_oase_1-1024x284.jpg 1024w, https:\/\/kaiserstuhl-oase.de\/wp-content\/uploads\/2020\/06\/logo_kaiserstuhl_oase_1-300x83.jpg 300w, https:\/\/kaiserstuhl-oase.de\/wp-content\/uploads\/2020\/06\/logo_kaiserstuhl_oase_1-768x213.jpg 768w, https:\/\/kaiserstuhl-oase.de\/wp-content\/uploads\/2020\/06\/logo_kaiserstuhl_oase_1-1536x426.jpg 1536w, https:\/\/kaiserstuhl-oase.de\/wp-content\/uploads\/2020\/06\/logo_kaiserstuhl_oase_1.jpg 1744w\" sizes=\"auto, (max-width: 767px) 89vw, (max-width: 1000px) 54vw, (max-width: 1071px) 543px, 580px\" \/><\/figure>\n\n\n\n<p>Unserer kleinen Kaiserstuhl Oase verdanken wir ein reichhaltiges Angebot an Kr\u00e4utern:<\/p>\n\n\n\n<p>Rosmarin, Thymian, Oregano, Majoran, Ysop, Estragon, Liebst\u00f6ckel, Currykraut, Olivenkraut, Salbei, Lavendel, Zitronenmelisse, Pfefferminze, Zitronenverbene u.v.m. .<\/p>\n\n\n\n<p>F\u00fcr die kalte Jahreszeit trocknen wir diese Kr\u00e4uter und verwenden Sie dann ebenfalls zum W\u00fcrzen und zur Tee Zubereitung.<\/p>\n\n\n\n<figure class=\"wp-block-gallery columns-2 is-cropped wp-block-gallery-1 is-layout-flex wp-block-gallery-is-layout-flex\"><ul class=\"blocks-gallery-grid\"><li class=\"blocks-gallery-item\"><figure><img loading=\"lazy\" decoding=\"async\" width=\"300\" height=\"200\" src=\"https:\/\/kaiserstuhl-oase.de\/wp-content\/uploads\/2021\/05\/IMG_4609_thymian.jpg\" alt=\"\" data-id=\"164\" class=\"wp-image-164\"\/><figcaption class=\"blocks-gallery-item__caption\">Thymian<\/figcaption><\/figure><\/li><li class=\"blocks-gallery-item\"><figure><img loading=\"lazy\" decoding=\"async\" width=\"300\" height=\"200\" src=\"https:\/\/kaiserstuhl-oase.de\/wp-content\/uploads\/2021\/05\/P1010253_rosmarin.jpg\" alt=\"\" data-id=\"167\" data-full-url=\"https:\/\/kaiserstuhl-oase.de\/wp-content\/uploads\/2021\/05\/P1010253_rosmarin.jpg\" data-link=\"https:\/\/kaiserstuhl-oase.de\/?attachment_id=167\" class=\"wp-image-167\"\/><figcaption class=\"blocks-gallery-item__caption\">Rosmarin<\/figcaption><\/figure><\/li><\/ul><\/figure>\n\n\n\n<figure class=\"wp-block-gallery columns-2 is-cropped wp-block-gallery-2 is-layout-flex wp-block-gallery-is-layout-flex\"><ul class=\"blocks-gallery-grid\"><li class=\"blocks-gallery-item\"><figure><img loading=\"lazy\" decoding=\"async\" width=\"300\" height=\"225\" src=\"https:\/\/kaiserstuhl-oase.de\/wp-content\/uploads\/2021\/05\/P1090860_kraeuter_beet.jpg\" alt=\"\" data-id=\"170\" class=\"wp-image-170\"\/><figcaption class=\"blocks-gallery-item__caption\">Salbei, Thymian, Currykraut<\/figcaption><\/figure><\/li><li class=\"blocks-gallery-item\"><figure><img loading=\"lazy\" decoding=\"async\" width=\"300\" height=\"225\" src=\"https:\/\/kaiserstuhl-oase.de\/wp-content\/uploads\/2021\/05\/P1020386_lorbeer-2.jpg\" alt=\"\" data-id=\"171\" data-full-url=\"https:\/\/kaiserstuhl-oase.de\/wp-content\/uploads\/2021\/05\/P1020386_lorbeer-2.jpg\" data-link=\"https:\/\/kaiserstuhl-oase.de\/?attachment_id=171\" class=\"wp-image-171\"\/><figcaption class=\"blocks-gallery-item__caption\">Lorbeer<\/figcaption><\/figure><\/li><\/ul><\/figure>\n\n\n\n<p>Diese Seite ist im Aufbau &#8211; weiteres folgt.<\/p>\n","protected":false},"excerpt":{"rendered":"<p>Unserer kleinen Kaiserstuhl Oase verdanken wir ein reichhaltiges Angebot an Kr\u00e4utern: Rosmarin, Thymian, Oregano, Majoran, Ysop, Estragon, Liebst\u00f6ckel, Currykraut, Olivenkraut, Salbei, Lavendel, Zitronenmelisse, Pfefferminze, Zitronenverbene u.v.m. . F\u00fcr die kalte Jahreszeit trocknen wir diese Kr\u00e4uter und verwenden Sie dann ebenfalls zum W\u00fcrzen und zur Tee Zubereitung. Diese Seite ist im Aufbau &#8211; weiteres folgt.<\/p>\n","protected":false},"author":1,"featured_media":0,"parent":0,"menu_order":0,"comment_status":"closed","ping_status":"closed","template":"","meta":{"footnotes":""},"class_list":["post-140","page","type-page","status-publish","hentry"],"_links":{"self":[{"href":"https:\/\/kaiserstuhl-oase.de\/index.php?rest_route=\/wp\/v2\/pages\/140","targetHints":{"allow":["GET"]}}],"collection":[{"href":"https:\/\/kaiserstuhl-oase.de\/index.php?rest_route=\/wp\/v2\/pages"}],"about":[{"href":"https:\/\/kaiserstuhl-oase.de\/index.php?rest_route=\/wp\/v2\/types\/page"}],"author":[{"embeddable":true,"href":"https:\/\/kaiserstuhl-oase.de\/index.php?rest_route=\/wp\/v2\/users\/1"}],"replies":[{"embeddable":true,"href":"https:\/\/kaiserstuhl-oase.de\/index.php?rest_route=%2Fwp%2Fv2%2Fcomments&post=140"}],"version-history":[{"count":7,"href":"https:\/\/kaiserstuhl-oase.de\/index.php?rest_route=\/wp\/v2\/pages\/140\/revisions"}],"predecessor-version":[{"id":211,"href":"https:\/\/kaiserstuhl-oase.de\/index.php?rest_route=\/wp\/v2\/pages\/140\/revisions\/211"}],"wp:attachment":[{"href":"https:\/\/kaiserstuhl-oase.de\/index.php?rest_route=%2Fwp%2Fv2%2Fmedia&parent=140"}],"curies":[{"name":"wp","href":"https:\/\/api.w.org\/{rel}","templated":true}]}}