{"id":181,"date":"2022-12-26T16:21:36","date_gmt":"2022-12-26T15:21:36","guid":{"rendered":"https:\/\/kaiserstuhl-oase.de\/?page_id=181"},"modified":"2022-12-26T16:21:36","modified_gmt":"2022-12-26T15:21:36","slug":"rosmarin-honig-cantuccini","status":"publish","type":"page","link":"https:\/\/kaiserstuhl-oase.de\/?page_id=181","title":{"rendered":"Rosmarin \u2013 Honig \u2013 Cantuccini"},"content":{"rendered":"\n<p><strong>Zutaten<\/strong><\/p>\n\n\n\n<figure class=\"wp-block-table\"><table><tbody><tr><td>3 EL<\/td><td>gehackte frische Rosmarinnadeln<\/td><\/tr><tr><td>150 g<\/td><td>Imker Honig<\/td><\/tr><tr><td>400 g<\/td><td>Dinkel Vollkornmehl<br>(oder 200 g geschrotete K\u00f6rner und 200 g 630er Mehl)<\/td><\/tr><tr><td>Prise<\/td><td>Salz<\/td><\/tr><tr><td>3<\/td><td>gro\u00dfe Eier von gl\u00fccklichen H\u00fchnern<\/td><\/tr><tr><td>1 P.<\/td><td>Backpulver<\/td><\/tr><tr><td>100 g<\/td><td>Pistanzienkerne<\/td><\/tr><\/tbody><\/table><\/figure>\n\n\n\n<p><strong>Zubereitung<\/strong><\/p>\n\n\n\n<p>Die Eier mit dem Honig schaumig schlagen. Mehl, Backpulver, Salz, gehackten Rosmarinnadeln hinzuf\u00fcgen. Zum Schluss die Pistazienkerne unterkneten.<\/p>\n\n\n\n<p>Den Backofen auf 180 \u00b0C (Umluft 160 \u00b0C) vorheizen. Den Teig in drei Portionen teilen und mit bemehlten H\u00e4nden zu Rollen formen. Die Rollen etwas flach dr\u00fccken und auf das mit Backpapier ausgelegte Backblech legen. 17 Minuten backen.<\/p>\n\n\n\n<p>Das Blech herausnehmen und etwas abk\u00fchlen lassen. Die Rollen mit einem scharfen Messer in 1 cm dicke Scheiben schneiden und mit der Schnittfl\u00e4che nach unten weitere 10 bis 15 Minuten backen bis die Cantuccini goldbraun sind.<\/p>\n\n\n\n<hr class=\"wp-block-separator\"\/>\n","protected":false},"excerpt":{"rendered":"<p>Zutaten 3 EL gehackte frische Rosmarinnadeln 150 g Imker Honig 400 g Dinkel Vollkornmehl(oder 200 g geschrotete K\u00f6rner und 200 g 630er Mehl) Prise Salz 3 gro\u00dfe Eier von gl\u00fccklichen H\u00fchnern 1 P. Backpulver 100 g Pistanzienkerne Zubereitung Die Eier mit dem Honig schaumig schlagen. Mehl, Backpulver, Salz, gehackten Rosmarinnadeln hinzuf\u00fcgen. Zum Schluss die Pistazienkerne &hellip; <\/p>\n<p class=\"link-more\"><a href=\"https:\/\/kaiserstuhl-oase.de\/?page_id=181\" class=\"more-link\"><span class=\"screen-reader-text\">\u201eRosmarin \u2013 Honig \u2013 Cantuccini\u201c <\/span>weiterlesen<\/a><\/p>\n","protected":false},"author":1,"featured_media":0,"parent":0,"menu_order":0,"comment_status":"closed","ping_status":"closed","template":"","meta":{"footnotes":""},"class_list":["post-181","page","type-page","status-publish","hentry"],"_links":{"self":[{"href":"https:\/\/kaiserstuhl-oase.de\/index.php?rest_route=\/wp\/v2\/pages\/181","targetHints":{"allow":["GET"]}}],"collection":[{"href":"https:\/\/kaiserstuhl-oase.de\/index.php?rest_route=\/wp\/v2\/pages"}],"about":[{"href":"https:\/\/kaiserstuhl-oase.de\/index.php?rest_route=\/wp\/v2\/types\/page"}],"author":[{"embeddable":true,"href":"https:\/\/kaiserstuhl-oase.de\/index.php?rest_route=\/wp\/v2\/users\/1"}],"replies":[{"embeddable":true,"href":"https:\/\/kaiserstuhl-oase.de\/index.php?rest_route=%2Fwp%2Fv2%2Fcomments&post=181"}],"version-history":[{"count":2,"href":"https:\/\/kaiserstuhl-oase.de\/index.php?rest_route=\/wp\/v2\/pages\/181\/revisions"}],"predecessor-version":[{"id":185,"href":"https:\/\/kaiserstuhl-oase.de\/index.php?rest_route=\/wp\/v2\/pages\/181\/revisions\/185"}],"wp:attachment":[{"href":"https:\/\/kaiserstuhl-oase.de\/index.php?rest_route=%2Fwp%2Fv2%2Fmedia&parent=181"}],"curies":[{"name":"wp","href":"https:\/\/api.w.org\/{rel}","templated":true}]}}