{"id":192,"date":"2022-12-26T17:14:34","date_gmt":"2022-12-26T16:14:34","guid":{"rendered":"https:\/\/kaiserstuhl-oase.de\/?page_id=192"},"modified":"2022-12-26T17:14:34","modified_gmt":"2022-12-26T16:14:34","slug":"feigen-mit-ziegenkaese-und-honig","status":"publish","type":"page","link":"https:\/\/kaiserstuhl-oase.de\/?page_id=192","title":{"rendered":"Feigen mit Ziegenk\u00e4se und Honig"},"content":{"rendered":"\n<p class=\"has-text-align-left\"><strong>Zutaten f\u00fcr 4 Personen<\/strong><\/p>\n\n\n\n<figure class=\"wp-block-table is-style-stripes\"><table><tbody><tr><td>4 <\/td><td>gro\u00dfe frische Feigen<\/td><\/tr><tr><td>1 Zweig<\/td><td>gehackte frische Rosmarinnadeln<\/td><\/tr><tr><td>120 g<\/td><td>Ziegenfrischk\u00e4se<\/td><\/tr><tr><td>2 TL<\/td><td>fl\u00fcssigen Bl\u00fctenhonig vom Imker<\/td><\/tr><tr><td>4 Scheiben<\/td><td>Parmaschinken<\/td><\/tr><tr><td>2 EL<\/td><td>grob gehackte Pinienkerne oder Waln\u00fcsse<\/td><\/tr><tr><td><\/td><td>frisch gemahlener schwarzer Pfeffer<\/td><\/tr><\/tbody><\/table><\/figure>\n\n\n\n<p class=\"has-text-align-left\"><strong>Zubereitung<\/strong><\/p>\n\n\n\n<p>Den Backofen auf 220\u00b0 C vorheizen. Die Feigen von oben kreuzweise so tief einschneiden, da\u00df sie unten noch zusammenhalten. Die Feigenspalten etwas auseinanderdr\u00fccken.<\/p>\n\n\n\n<p>Die Schinkenscheiben l\u00e4ngs halbieren und um die Feigen wickeln.<\/p>\n\n\n\n<p>Den Rosmarin und die Pinienkerne bzw. Waln\u00fcsse unter den Ziegenfrischk\u00e4se mischen und die Feigen damit f\u00fcllen. Mit Pfeffer \u00fcbermahlen und etwas gehackten Rosmarin dar\u00fcber streuen.<\/p>\n\n\n\n<p>Die Feigen in eine Auflaufform setzen und mit eingeschaltetem Grill 8-10 Minuten im Ofen grillen.<\/p>\n\n\n\n<p>Die Feigen aus dem Ofen herausnehmen und mit dem Honig bestreichen.<\/p>\n\n\n\n<hr class=\"wp-block-separator\"\/>\n","protected":false},"excerpt":{"rendered":"<p>Zutaten f\u00fcr 4 Personen 4 gro\u00dfe frische Feigen 1 Zweig gehackte frische Rosmarinnadeln 120 g Ziegenfrischk\u00e4se 2 TL fl\u00fcssigen Bl\u00fctenhonig vom Imker 4 Scheiben Parmaschinken 2 EL grob gehackte Pinienkerne oder Waln\u00fcsse frisch gemahlener schwarzer Pfeffer Zubereitung Den Backofen auf 220\u00b0 C vorheizen. Die Feigen von oben kreuzweise so tief einschneiden, da\u00df sie unten noch &hellip; <\/p>\n<p class=\"link-more\"><a href=\"https:\/\/kaiserstuhl-oase.de\/?page_id=192\" class=\"more-link\"><span class=\"screen-reader-text\">\u201eFeigen mit Ziegenk\u00e4se und Honig\u201c <\/span>weiterlesen<\/a><\/p>\n","protected":false},"author":1,"featured_media":0,"parent":0,"menu_order":0,"comment_status":"closed","ping_status":"closed","template":"","meta":{"footnotes":""},"class_list":["post-192","page","type-page","status-publish","hentry"],"_links":{"self":[{"href":"https:\/\/kaiserstuhl-oase.de\/index.php?rest_route=\/wp\/v2\/pages\/192","targetHints":{"allow":["GET"]}}],"collection":[{"href":"https:\/\/kaiserstuhl-oase.de\/index.php?rest_route=\/wp\/v2\/pages"}],"about":[{"href":"https:\/\/kaiserstuhl-oase.de\/index.php?rest_route=\/wp\/v2\/types\/page"}],"author":[{"embeddable":true,"href":"https:\/\/kaiserstuhl-oase.de\/index.php?rest_route=\/wp\/v2\/users\/1"}],"replies":[{"embeddable":true,"href":"https:\/\/kaiserstuhl-oase.de\/index.php?rest_route=%2Fwp%2Fv2%2Fcomments&post=192"}],"version-history":[{"count":2,"href":"https:\/\/kaiserstuhl-oase.de\/index.php?rest_route=\/wp\/v2\/pages\/192\/revisions"}],"predecessor-version":[{"id":194,"href":"https:\/\/kaiserstuhl-oase.de\/index.php?rest_route=\/wp\/v2\/pages\/192\/revisions\/194"}],"wp:attachment":[{"href":"https:\/\/kaiserstuhl-oase.de\/index.php?rest_route=%2Fwp%2Fv2%2Fmedia&parent=192"}],"curies":[{"name":"wp","href":"https:\/\/api.w.org\/{rel}","templated":true}]}}