{"id":37,"date":"2020-11-06T10:41:58","date_gmt":"2020-11-06T10:41:58","guid":{"rendered":"https:\/\/kaiserstuhl-oase.de\/?page_id=37"},"modified":"2021-02-02T12:06:39","modified_gmt":"2021-02-02T11:06:39","slug":"impressum","status":"publish","type":"page","link":"https:\/\/kaiserstuhl-oase.de\/?page_id=37","title":{"rendered":"Impressum"},"content":{"rendered":"\n<p>Imkerei Corinna Moll<br>Mattenweg 11<br>79241 Ihringen<br>07668\/901000<br>info[at]kaiserstuhl-oase.de<\/p>\n\n\n\n<h2 class=\"wp-block-heading\">Haftungshinweis<\/h2>\n\n\n\n<p>Trotz sorgf\u00e4ltiger inhaltlicher Kontrolle \u00fcbernehmen wir keine Haftung f\u00fcr die Inhalte externer Links. F\u00fcr den Inhalt der verlinkten Seiten sind ausschlie\u00dflich deren Betreiber verantwortlich.<\/p>\n","protected":false},"excerpt":{"rendered":"<p>Imkerei Corinna MollMattenweg 1179241 Ihringen07668\/901000info[at]kaiserstuhl-oase.de Haftungshinweis Trotz sorgf\u00e4ltiger inhaltlicher Kontrolle \u00fcbernehmen wir keine Haftung f\u00fcr die Inhalte externer Links. F\u00fcr den Inhalt der verlinkten Seiten sind ausschlie\u00dflich deren Betreiber verantwortlich.<\/p>\n","protected":false},"author":1,"featured_media":0,"parent":0,"menu_order":0,"comment_status":"closed","ping_status":"closed","template":"","meta":{"footnotes":""},"class_list":["post-37","page","type-page","status-publish","hentry"],"_links":{"self":[{"href":"https:\/\/kaiserstuhl-oase.de\/index.php?rest_route=\/wp\/v2\/pages\/37","targetHints":{"allow":["GET"]}}],"collection":[{"href":"https:\/\/kaiserstuhl-oase.de\/index.php?rest_route=\/wp\/v2\/pages"}],"about":[{"href":"https:\/\/kaiserstuhl-oase.de\/index.php?rest_route=\/wp\/v2\/types\/page"}],"author":[{"embeddable":true,"href":"https:\/\/kaiserstuhl-oase.de\/index.php?rest_route=\/wp\/v2\/users\/1"}],"replies":[{"embeddable":true,"href":"https:\/\/kaiserstuhl-oase.de\/index.php?rest_route=%2Fwp%2Fv2%2Fcomments&post=37"}],"version-history":[{"count":3,"href":"https:\/\/kaiserstuhl-oase.de\/index.php?rest_route=\/wp\/v2\/pages\/37\/revisions"}],"predecessor-version":[{"id":76,"href":"https:\/\/kaiserstuhl-oase.de\/index.php?rest_route=\/wp\/v2\/pages\/37\/revisions\/76"}],"wp:attachment":[{"href":"https:\/\/kaiserstuhl-oase.de\/index.php?rest_route=%2Fwp%2Fv2%2Fmedia&parent=37"}],"curies":[{"name":"wp","href":"https:\/\/api.w.org\/{rel}","templated":true}]}}