{"id":42,"date":"2020-11-06T11:02:53","date_gmt":"2020-11-06T10:02:53","guid":{"rendered":"https:\/\/kaiserstuhl-oase.de\/?page_id=42"},"modified":"2024-11-11T15:04:03","modified_gmt":"2024-11-11T14:04:03","slug":"unser-angebot","status":"publish","type":"page","link":"https:\/\/kaiserstuhl-oase.de\/?page_id=42","title":{"rendered":"Unser Honig Angebot"},"content":{"rendered":"\n<div class=\"wp-block-columns is-layout-flex wp-container-core-columns-is-layout-9d6595d7 wp-block-columns-is-layout-flex\">\n<div class=\"wp-block-column is-layout-flow wp-block-column-is-layout-flow\" style=\"flex-basis:100%\"><div class=\"wp-block-image is-style-default\">\n<figure class=\"aligncenter size-large\"><img loading=\"lazy\" decoding=\"async\" width=\"500\" height=\"345\" src=\"https:\/\/kaiserstuhl-oase.de\/wp-content\/uploads\/2021\/05\/Honig_Aus_Eigener_Imkerei_Blech_500.jpg\" alt=\"\" class=\"wp-image-158\" srcset=\"https:\/\/kaiserstuhl-oase.de\/wp-content\/uploads\/2021\/05\/Honig_Aus_Eigener_Imkerei_Blech_500.jpg 500w, https:\/\/kaiserstuhl-oase.de\/wp-content\/uploads\/2021\/05\/Honig_Aus_Eigener_Imkerei_Blech_500-300x207.jpg 300w\" sizes=\"auto, (max-width: 500px) 100vw, 500px\" \/><\/figure>\n<\/div><\/div>\n<\/div>\n\n\n\n<p>Unsere Bienen V\u00f6lker stehen bei uns in Wasenweiler im Garten. Ich schleudere ein- bis zweimal im Jahr Honig.<br>Es ist ein <strong>gemischter Bl\u00fctenhonig<\/strong> mit relativ gro\u00dfem Anteil an Kr\u00e4utern (Rosmarin, Thymian, Oregano, Dost, Majoran, Ysop, Estragon, Liebst\u00f6ckel, Salbei, Lavendel, Zitronenmelisse, Pfefferminze, Zitronenverbene, Basilikum \u2026).<br>Auch erfreuen sich die Kleinen in unserem Garten an den Bl\u00fcten der Beerenstr\u00e4ucher (Himbeere, Johannisbeere, Jostabeere, Gojibeere, Aronja), Obstb\u00e4ume ( Apfelbaum, Kaki, Mispel) und Str\u00e4ucher (Schlehe, Weissdorn, Sanddorn und Mandel).<br><br>Die Konsistenz des Honigs ist relativ genau zwischen fl\u00fcssig und ganz fest &#8211; also genau richtig damit er nicht vom Brot flie\u00dft. Bei Bedarf gibt es aber auch fl\u00fcssigen Honig.<\/p>\n\n\n\n<p>Aktuell habe ich 500 g Gl\u00e4ser abgef\u00fcllt. <br>Auf Wunsch gibt es auch 250 g.<\/p>\n\n\n\n<p>500 g gemischter Bl\u00fctenhonig (streichfest oder fl\u00fcssig): 8,00 \u20ac<br>(bei Abnahme von 12 Gl\u00e4sern: 7 \u20ac \/ Glas).<\/p>\n\n\n\n<p>250 g Honig: auf Anfrage<\/p>\n\n\n\n<p>F\u00fcr eine Bestellung kannst Du uns gerne eine e-mail schicken oder \u00fcber das Bestellformular gehen.<br>Gerne versende ich den Honig auch.<br>Eine Bezahlung ist \u00fcber paypal bzw. \u00dcberweisung m\u00f6glich.<\/p>\n","protected":false},"excerpt":{"rendered":"<p>Unsere Bienen V\u00f6lker stehen bei uns in Wasenweiler im Garten. Ich schleudere ein- bis zweimal im Jahr Honig.Es ist ein gemischter Bl\u00fctenhonig mit relativ gro\u00dfem Anteil an Kr\u00e4utern (Rosmarin, Thymian, Oregano, Dost, Majoran, Ysop, Estragon, Liebst\u00f6ckel, Salbei, Lavendel, Zitronenmelisse, Pfefferminze, Zitronenverbene, Basilikum \u2026).Auch erfreuen sich die Kleinen in unserem Garten an den Bl\u00fcten der Beerenstr\u00e4ucher &hellip; <\/p>\n<p class=\"link-more\"><a href=\"https:\/\/kaiserstuhl-oase.de\/?page_id=42\" class=\"more-link\"><span class=\"screen-reader-text\">\u201eUnser Honig Angebot\u201c <\/span>weiterlesen<\/a><\/p>\n","protected":false},"author":1,"featured_media":0,"parent":0,"menu_order":0,"comment_status":"closed","ping_status":"closed","template":"","meta":{"footnotes":""},"class_list":["post-42","page","type-page","status-publish","hentry"],"_links":{"self":[{"href":"https:\/\/kaiserstuhl-oase.de\/index.php?rest_route=\/wp\/v2\/pages\/42","targetHints":{"allow":["GET"]}}],"collection":[{"href":"https:\/\/kaiserstuhl-oase.de\/index.php?rest_route=\/wp\/v2\/pages"}],"about":[{"href":"https:\/\/kaiserstuhl-oase.de\/index.php?rest_route=\/wp\/v2\/types\/page"}],"author":[{"embeddable":true,"href":"https:\/\/kaiserstuhl-oase.de\/index.php?rest_route=\/wp\/v2\/users\/1"}],"replies":[{"embeddable":true,"href":"https:\/\/kaiserstuhl-oase.de\/index.php?rest_route=%2Fwp%2Fv2%2Fcomments&post=42"}],"version-history":[{"count":27,"href":"https:\/\/kaiserstuhl-oase.de\/index.php?rest_route=\/wp\/v2\/pages\/42\/revisions"}],"predecessor-version":[{"id":230,"href":"https:\/\/kaiserstuhl-oase.de\/index.php?rest_route=\/wp\/v2\/pages\/42\/revisions\/230"}],"wp:attachment":[{"href":"https:\/\/kaiserstuhl-oase.de\/index.php?rest_route=%2Fwp%2Fv2%2Fmedia&parent=42"}],"curies":[{"name":"wp","href":"https:\/\/api.w.org\/{rel}","templated":true}]}}